{"id":158,"date":"2024-06-03T12:06:17","date_gmt":"2024-06-03T10:06:17","guid":{"rendered":"https:\/\/fundacioncomplutense.es\/?page_id=158"},"modified":"2025-02-26T15:46:03","modified_gmt":"2025-02-26T14:46:03","slug":"actualidad","status":"publish","type":"page","link":"https:\/\/fundacioncomplutense.es\/ecv\/actualidad\/","title":{"rendered":"Actualidad"},"content":{"rendered":"<h2>Resuelto el Concurso de Dise\u00f1o del Cartel de la Escuela Complutense de Verano<\/h2>\n<p style=\"text-align: left;\">El mi\u00e9rcoles, d\u00eda 12 de febrero, tuvo lugar la reuni\u00f3n del jurado del Concurso de Dise\u00f1o del Cartel de la Escuela Complutense de Verano. El encuentro tuvo lugar en el Estudio del prestigioso artista, \u00d3scar San Miguel, OKUDA.<br \/>\nLa reuni\u00f3n del certamen fue presidida por la Vicerrectora de Cultura, Deporte y Extensi\u00f3n Universitaria de la Universidad Complutense de Madrid, Isabel Garc\u00eda Fern\u00e1ndez y cont\u00f3 con la presencia de distinguidas personalidades, entre ellas la decana de la Facultad de Bellas Artes de la UCM, Raquel Monje Alfaro, la directora de la Escuela Complutense de Verano, Natalia Abu\u00edn Vences y la ganadora de la edici\u00f3n anterior Connie Olgu\u00edn Concha, quienes formaron parte del panel de jueces encargadas de evaluar las obras presentadas. Tras su deliberaci\u00f3n eligieron la obra de Jhon Jaimes Rodr\u00edguez, Verano de Conocimiento, como la ganadora de la \u00faltima edici\u00f3n.<br \/>\nEl reconocimiento al trabajo de Jhon Jaimes Rodr\u00edguez en este concurso destaca su talento art\u00edstico y su capacidad para cautivar al jurado con su obra. Una vez m\u00e1s, el reconocido artista \u00d3scar San Miguel, OKUDA estuvo presente como parte del jurado, aportando su experiencia y conocimientos al proceso de selecci\u00f3n.<br \/>\nLa obra de Jhon Jaimes Rodr\u00edguez ser\u00e1 la imagen de la pr\u00f3xima edici\u00f3n de la Escuela Complutense de Verano, una de las actividades m\u00e1s destacadas de la Universidad Complutense de Madrid y de su Fundaci\u00f3n.<br \/>\nAdem\u00e1s, se eligi\u00f3 un acc\u00e9sit, siendo seleccionada la obra de Catalina Vera.<br \/>\nEl Concurso de Dise\u00f1o del Cartel de la Escuela Complutense de Verano pretende promover el talento art\u00edstico y fomentar la creatividad entre estudiantes de cualquier facultad de la Universidad Complutense, as\u00ed como consolidarse como un evento destacado entre toda la comunidad Complutense.<br \/>\n<strong><a href=\"https:\/\/www.ucm.es\/data\/cont\/docs\/32-2025-02-26-Acta%20Jurado%20Cartel%20ECV%202025_signed.pdf\" target=\"_blank\" rel=\"noopener\">Accede aqu\u00ed al acta del jurado.<\/a><\/strong><\/p>\n<p><img loading=\"lazy\" decoding=\"async\" class=\"wp-image-2437 size-medium alignleft\" src=\"http:\/\/fundacioncomplutense.es\/ecv\/wp-content\/uploads\/sites\/5\/2025\/02\/Ganador-Concurso-1-212x300.jpg\" alt=\"\" width=\"212\" height=\"300\" srcset=\"https:\/\/fundacioncomplutense.es\/ecv\/wp-content\/uploads\/sites\/5\/2025\/02\/Ganador-Concurso-1-212x300.jpg 212w, https:\/\/fundacioncomplutense.es\/ecv\/wp-content\/uploads\/sites\/5\/2025\/02\/Ganador-Concurso-1-724x1024.jpg 724w, https:\/\/fundacioncomplutense.es\/ecv\/wp-content\/uploads\/sites\/5\/2025\/02\/Ganador-Concurso-1-768x1086.jpg 768w, https:\/\/fundacioncomplutense.es\/ecv\/wp-content\/uploads\/sites\/5\/2025\/02\/Ganador-Concurso-1-1086x1536.jpg 1086w, https:\/\/fundacioncomplutense.es\/ecv\/wp-content\/uploads\/sites\/5\/2025\/02\/Ganador-Concurso-1.jpg 1414w\" sizes=\"auto, (max-width: 212px) 100vw, 212px\" \/><\/p>\n","protected":false},"excerpt":{"rendered":"<p>Resuelto el Concurso de Dise\u00f1o del Cartel de la Escuela Complutense de Verano El mi\u00e9rcoles, d\u00eda 12 de febrero, tuvo lugar la reuni\u00f3n del jurado del Concurso de Dise\u00f1o del Cartel de la Escuela Complutense de Verano. El encuentro tuvo lugar en el Estudio del prestigioso artista, \u00d3scar San Miguel, OKUDA. La reuni\u00f3n del certamen [&hellip;]<\/p>\n","protected":false},"author":1,"featured_media":0,"parent":0,"menu_order":0,"comment_status":"closed","ping_status":"closed","template":"page-templates\/actualidad.php","meta":{"_acf_changed":false,"footnotes":""},"class_list":["post-158","page","type-page","status-publish","hentry"],"acf":[],"yoast_head":"<!-- This site is optimized with the Yoast SEO plugin v24.3 - https:\/\/yoast.com\/wordpress\/plugins\/seo\/ -->\n<title>Actualidad - Escuela Complutense<\/title>\n<meta name=\"robots\" content=\"index, follow, max-snippet:-1, max-image-preview:large, max-video-preview:-1\" \/>\n<link rel=\"canonical\" href=\"https:\/\/fundacioncomplutense.es\/ecv\/actualidad\/\" \/>\n<meta property=\"og:locale\" content=\"es_ES\" \/>\n<meta property=\"og:type\" content=\"article\" \/>\n<meta property=\"og:title\" content=\"Actualidad - Escuela Complutense\" \/>\n<meta property=\"og:description\" content=\"Resuelto el Concurso de Dise\u00f1o del Cartel de la Escuela Complutense de Verano El mi\u00e9rcoles, d\u00eda 12 de febrero, tuvo lugar la reuni\u00f3n del jurado del Concurso de Dise\u00f1o del Cartel de la Escuela Complutense de Verano. El encuentro tuvo lugar en el Estudio del prestigioso artista, \u00d3scar San Miguel, OKUDA. La reuni\u00f3n del certamen [&hellip;]\" \/>\n<meta property=\"og:url\" content=\"https:\/\/fundacioncomplutense.es\/ecv\/actualidad\/\" \/>\n<meta property=\"og:site_name\" content=\"Escuela Complutense\" \/>\n<meta property=\"article:modified_time\" content=\"2025-02-26T14:46:03+00:00\" \/>\n<meta property=\"og:image\" content=\"https:\/\/fundacioncomplutense.es\/ecv\/wp-content\/uploads\/sites\/5\/2025\/02\/Ganador-Concurso-1.jpg\" \/>\n\t<meta property=\"og:image:width\" content=\"1414\" \/>\n\t<meta property=\"og:image:height\" content=\"2000\" \/>\n\t<meta property=\"og:image:type\" content=\"image\/jpeg\" \/>\n<meta name=\"twitter:card\" content=\"summary_large_image\" \/>\n<meta name=\"twitter:label1\" content=\"Tiempo de lectura\" \/>\n\t<meta name=\"twitter:data1\" content=\"2 minutos\" \/>\n<script type=\"application\/ld+json\" class=\"yoast-schema-graph\">{\"@context\":\"https:\/\/schema.org\",\"@graph\":[{\"@type\":\"WebPage\",\"@id\":\"https:\/\/fundacioncomplutense.es\/ecv\/actualidad\/\",\"url\":\"https:\/\/fundacioncomplutense.es\/ecv\/actualidad\/\",\"name\":\"Actualidad - Escuela Complutense\",\"isPartOf\":{\"@id\":\"https:\/\/fundacioncomplutense.es\/ecv\/#website\"},\"primaryImageOfPage\":{\"@id\":\"https:\/\/fundacioncomplutense.es\/ecv\/actualidad\/#primaryimage\"},\"image\":{\"@id\":\"https:\/\/fundacioncomplutense.es\/ecv\/actualidad\/#primaryimage\"},\"thumbnailUrl\":\"http:\/\/fundacioncomplutense.es\/ecv\/wp-content\/uploads\/sites\/5\/2025\/02\/Ganador-Concurso-1-212x300.jpg\",\"datePublished\":\"2024-06-03T10:06:17+00:00\",\"dateModified\":\"2025-02-26T14:46:03+00:00\",\"breadcrumb\":{\"@id\":\"https:\/\/fundacioncomplutense.es\/ecv\/actualidad\/#breadcrumb\"},\"inLanguage\":\"es\",\"potentialAction\":[{\"@type\":\"ReadAction\",\"target\":[\"https:\/\/fundacioncomplutense.es\/ecv\/actualidad\/\"]}]},{\"@type\":\"ImageObject\",\"inLanguage\":\"es\",\"@id\":\"https:\/\/fundacioncomplutense.es\/ecv\/actualidad\/#primaryimage\",\"url\":\"https:\/\/fundacioncomplutense.es\/ecv\/wp-content\/uploads\/sites\/5\/2025\/02\/Ganador-Concurso-1.jpg\",\"contentUrl\":\"https:\/\/fundacioncomplutense.es\/ecv\/wp-content\/uploads\/sites\/5\/2025\/02\/Ganador-Concurso-1.jpg\",\"width\":1414,\"height\":2000},{\"@type\":\"BreadcrumbList\",\"@id\":\"https:\/\/fundacioncomplutense.es\/ecv\/actualidad\/#breadcrumb\",\"itemListElement\":[{\"@type\":\"ListItem\",\"position\":1,\"name\":\"Portada\",\"item\":\"https:\/\/fundacioncomplutense.es\/ecv\/\"},{\"@type\":\"ListItem\",\"position\":2,\"name\":\"Actualidad\"}]},{\"@type\":\"WebSite\",\"@id\":\"https:\/\/fundacioncomplutense.es\/ecv\/#website\",\"url\":\"https:\/\/fundacioncomplutense.es\/ecv\/\",\"name\":\"Escuela Complutense\",\"description\":\"\",\"potentialAction\":[{\"@type\":\"SearchAction\",\"target\":{\"@type\":\"EntryPoint\",\"urlTemplate\":\"https:\/\/fundacioncomplutense.es\/ecv\/?s={search_term_string}\"},\"query-input\":{\"@type\":\"PropertyValueSpecification\",\"valueRequired\":true,\"valueName\":\"search_term_string\"}}],\"inLanguage\":\"es\"}]}<\/script>\n<!-- \/ Yoast SEO plugin. -->","yoast_head_json":{"title":"Actualidad - Escuela Complutense","robots":{"index":"index","follow":"follow","max-snippet":"max-snippet:-1","max-image-preview":"max-image-preview:large","max-video-preview":"max-video-preview:-1"},"canonical":"https:\/\/fundacioncomplutense.es\/ecv\/actualidad\/","og_locale":"es_ES","og_type":"article","og_title":"Actualidad - Escuela Complutense","og_description":"Resuelto el Concurso de Dise\u00f1o del Cartel de la Escuela Complutense de Verano El mi\u00e9rcoles, d\u00eda 12 de febrero, tuvo lugar la reuni\u00f3n del jurado del Concurso de Dise\u00f1o del Cartel de la Escuela Complutense de Verano. El encuentro tuvo lugar en el Estudio del prestigioso artista, \u00d3scar San Miguel, OKUDA. La reuni\u00f3n del certamen [&hellip;]","og_url":"https:\/\/fundacioncomplutense.es\/ecv\/actualidad\/","og_site_name":"Escuela Complutense","article_modified_time":"2025-02-26T14:46:03+00:00","og_image":[{"width":1414,"height":2000,"url":"https:\/\/fundacioncomplutense.es\/ecv\/wp-content\/uploads\/sites\/5\/2025\/02\/Ganador-Concurso-1.jpg","type":"image\/jpeg"}],"twitter_card":"summary_large_image","twitter_misc":{"Tiempo de lectura":"2 minutos"},"schema":{"@context":"https:\/\/schema.org","@graph":[{"@type":"WebPage","@id":"https:\/\/fundacioncomplutense.es\/ecv\/actualidad\/","url":"https:\/\/fundacioncomplutense.es\/ecv\/actualidad\/","name":"Actualidad - Escuela Complutense","isPartOf":{"@id":"https:\/\/fundacioncomplutense.es\/ecv\/#website"},"primaryImageOfPage":{"@id":"https:\/\/fundacioncomplutense.es\/ecv\/actualidad\/#primaryimage"},"image":{"@id":"https:\/\/fundacioncomplutense.es\/ecv\/actualidad\/#primaryimage"},"thumbnailUrl":"http:\/\/fundacioncomplutense.es\/ecv\/wp-content\/uploads\/sites\/5\/2025\/02\/Ganador-Concurso-1-212x300.jpg","datePublished":"2024-06-03T10:06:17+00:00","dateModified":"2025-02-26T14:46:03+00:00","breadcrumb":{"@id":"https:\/\/fundacioncomplutense.es\/ecv\/actualidad\/#breadcrumb"},"inLanguage":"es","potentialAction":[{"@type":"ReadAction","target":["https:\/\/fundacioncomplutense.es\/ecv\/actualidad\/"]}]},{"@type":"ImageObject","inLanguage":"es","@id":"https:\/\/fundacioncomplutense.es\/ecv\/actualidad\/#primaryimage","url":"https:\/\/fundacioncomplutense.es\/ecv\/wp-content\/uploads\/sites\/5\/2025\/02\/Ganador-Concurso-1.jpg","contentUrl":"https:\/\/fundacioncomplutense.es\/ecv\/wp-content\/uploads\/sites\/5\/2025\/02\/Ganador-Concurso-1.jpg","width":1414,"height":2000},{"@type":"BreadcrumbList","@id":"https:\/\/fundacioncomplutense.es\/ecv\/actualidad\/#breadcrumb","itemListElement":[{"@type":"ListItem","position":1,"name":"Portada","item":"https:\/\/fundacioncomplutense.es\/ecv\/"},{"@type":"ListItem","position":2,"name":"Actualidad"}]},{"@type":"WebSite","@id":"https:\/\/fundacioncomplutense.es\/ecv\/#website","url":"https:\/\/fundacioncomplutense.es\/ecv\/","name":"Escuela Complutense","description":"","potentialAction":[{"@type":"SearchAction","target":{"@type":"EntryPoint","urlTemplate":"https:\/\/fundacioncomplutense.es\/ecv\/?s={search_term_string}"},"query-input":{"@type":"PropertyValueSpecification","valueRequired":true,"valueName":"search_term_string"}}],"inLanguage":"es"}]}},"_links":{"self":[{"href":"https:\/\/fundacioncomplutense.es\/ecv\/wp-json\/wp\/v2\/pages\/158","targetHints":{"allow":["GET"]}}],"collection":[{"href":"https:\/\/fundacioncomplutense.es\/ecv\/wp-json\/wp\/v2\/pages"}],"about":[{"href":"https:\/\/fundacioncomplutense.es\/ecv\/wp-json\/wp\/v2\/types\/page"}],"author":[{"embeddable":true,"href":"https:\/\/fundacioncomplutense.es\/ecv\/wp-json\/wp\/v2\/users\/1"}],"replies":[{"embeddable":true,"href":"https:\/\/fundacioncomplutense.es\/ecv\/wp-json\/wp\/v2\/comments?post=158"}],"version-history":[{"count":17,"href":"https:\/\/fundacioncomplutense.es\/ecv\/wp-json\/wp\/v2\/pages\/158\/revisions"}],"predecessor-version":[{"id":2476,"href":"https:\/\/fundacioncomplutense.es\/ecv\/wp-json\/wp\/v2\/pages\/158\/revisions\/2476"}],"wp:attachment":[{"href":"https:\/\/fundacioncomplutense.es\/ecv\/wp-json\/wp\/v2\/media?parent=158"}],"curies":[{"name":"wp","href":"https:\/\/api.w.org\/{rel}","templated":true}]}}